{"id":379,"date":"2024-03-18T10:33:58","date_gmt":"2024-03-18T10:33:58","guid":{"rendered":"https:\/\/nerdydino.fi\/?page_id=379"},"modified":"2024-04-03T18:30:34","modified_gmt":"2024-04-03T18:30:34","slug":"filosofia","status":"publish","type":"page","link":"https:\/\/nerdydino.fi\/en\/filosofia\/","title":{"rendered":"Philosophy"},"content":{"rendered":"<div data-elementor-type=\"wp-page\" data-elementor-id=\"379\" class=\"elementor elementor-379\">\n\t\t\t\t<div class=\"elementor-element elementor-element-94847c0 e-flex e-con-boxed e-con e-parent\" data-id=\"94847c0\" data-element_type=\"container\" data-e-type=\"container\" data-settings=\"{&quot;background_background&quot;:&quot;classic&quot;}\">\n\t\t\t\t\t<div class=\"e-con-inner\">\n\t\t\t\t<div class=\"elementor-element elementor-element-c15f3e8 elementor-widget elementor-widget-heading\" data-id=\"c15f3e8\" data-element_type=\"widget\" data-e-type=\"widget\" data-widget_type=\"heading.default\">\n\t\t\t\t<div class=\"elementor-widget-container\">\n\t\t\t\t\t<h1 class=\"elementor-heading-title elementor-size-default\">Nerdy Dino - Philosophy<\/h1>\t\t\t\t<\/div>\n\t\t\t\t<\/div>\n\t\t\t\t\t<\/div>\n\t\t\t\t<\/div>\n\t\t<div class=\"elementor-element elementor-element-8d5c343 e-flex e-con-boxed e-con e-parent\" data-id=\"8d5c343\" data-element_type=\"container\" data-e-type=\"container\">\n\t\t\t\t\t<div class=\"e-con-inner\">\n\t\t\t\t<div class=\"elementor-element elementor-element-80d55af elementor-widget elementor-widget-text-editor\" data-id=\"80d55af\" data-element_type=\"widget\" data-e-type=\"widget\" data-widget_type=\"text-editor.default\">\n\t\t\t\t<div class=\"elementor-widget-container\">\n\t\t\t\t\t\t\t\t\t<div class=\"v1elementToProof\"><p>\"As long as we do the right things, we are moving in the right direction.\" Very simple? In principle, yes. However, it can often be difficult to identify what the right things are. Therefore, it is important to build actions based on values. By adhering to these values, we create an environment that nurtures and attracts talent and provides a foundation for high-quality performance.<\/p><\/div><div class=\"v1elementToProof\"><p><strong><u>Openness:<\/u><\/strong> Information is hugely important when making decisions (DUH!), which is why everyone should<\/p><ul><li>Know what is being done and why<\/li><\/ul><\/div><ul><li class=\"v1elementToProof\">Listen and be heard<\/li><li class=\"v1elementToProof\">Request and give feedback<\/li><\/ul><div>\u00a0<\/div><p><strong><u>Striving for better:<\/u><\/strong> Better practices and capabilities inevitably lead to better outcomes. For this reason, we should regularly<\/p><ul><li class=\"v1elementToProof\">Evaluate our practices and the results they produce<\/li><li class=\"v1elementToProof\">Enable individuals to develop and create time for it<\/li><li class=\"v1elementToProof\">Rest<\/li><\/ul><div>\u00a0<\/div><p><strong><u>Perseverance:<\/u><\/strong> All our choices have an impact on the future. Therefore, we should<\/p><ul><li class=\"v1elementToProof\">Always weigh both short-term and long-term benefits and costs<\/li><li class=\"v1elementToProof\">Use and develop practices that are in use now and in the future (more porcelain and less plaster)<\/li><li class=\"v1elementToProof\">Be patient<\/li><\/ul>\t\t\t\t\t\t\t\t<\/div>\n\t\t\t\t<\/div>\n\t\t\t\t\t<\/div>\n\t\t\t\t<\/div>\n\t\t\t\t<\/div>","protected":false},"excerpt":{"rendered":"<p>Nerdy Dino -Filosofia &#8221;Niin kauan kun tehd\u00e4\u00e4n oikeita asioita, liikutaan oikeaan suuntaan&#8221;. Hyvin yksinkertaista? Periaatteessa kyll\u00e4. Usein voi kuitenkin olla vaikeaa tunnistaa, mitk\u00e4 ovat oikeita asioita. Sen vuoksi onkin t\u00e4rke\u00e4 rakentaa toiminta arvojen varaan. N\u00e4it\u00e4 arvoja noudattamalla luodaan ymp\u00e4rist\u00f6, joka hoivaa ja houkuttelee lahjakkuutta, sek\u00e4 antaa kasvualustan laadukkaalle toiminnalle. Avoimuus: Tiedolla on valtava merkitys p\u00e4\u00e4t\u00f6ksi\u00e4 [&hellip;]<\/p>\n","protected":false},"author":2,"featured_media":0,"parent":0,"menu_order":0,"comment_status":"closed","ping_status":"closed","template":"","meta":{"footnotes":""},"class_list":["post-379","page","type-page","status-publish","hentry"],"_links":{"self":[{"href":"https:\/\/nerdydino.fi\/en\/wp-json\/wp\/v2\/pages\/379","targetHints":{"allow":["GET"]}}],"collection":[{"href":"https:\/\/nerdydino.fi\/en\/wp-json\/wp\/v2\/pages"}],"about":[{"href":"https:\/\/nerdydino.fi\/en\/wp-json\/wp\/v2\/types\/page"}],"author":[{"embeddable":true,"href":"https:\/\/nerdydino.fi\/en\/wp-json\/wp\/v2\/users\/2"}],"replies":[{"embeddable":true,"href":"https:\/\/nerdydino.fi\/en\/wp-json\/wp\/v2\/comments?post=379"}],"version-history":[{"count":58,"href":"https:\/\/nerdydino.fi\/en\/wp-json\/wp\/v2\/pages\/379\/revisions"}],"predecessor-version":[{"id":1038,"href":"https:\/\/nerdydino.fi\/en\/wp-json\/wp\/v2\/pages\/379\/revisions\/1038"}],"wp:attachment":[{"href":"https:\/\/nerdydino.fi\/en\/wp-json\/wp\/v2\/media?parent=379"}],"curies":[{"name":"wp","href":"https:\/\/api.w.org\/{rel}","templated":true}]}}