{"id":312,"date":"2024-03-18T09:50:54","date_gmt":"2024-03-18T09:50:54","guid":{"rendered":"https:\/\/nerdydino.fi\/?page_id=312"},"modified":"2024-04-02T12:44:07","modified_gmt":"2024-04-02T12:44:07","slug":"some","status":"publish","type":"page","link":"https:\/\/nerdydino.fi\/en\/some\/","title":{"rendered":"Social media"},"content":{"rendered":"<div data-elementor-type=\"wp-page\" data-elementor-id=\"312\" class=\"elementor elementor-312\">\n\t\t\t\t<div class=\"elementor-element elementor-element-a640254 e-flex e-con-boxed e-con e-parent\" data-id=\"a640254\" data-element_type=\"container\" data-e-type=\"container\" data-settings=\"{&quot;background_background&quot;:&quot;classic&quot;}\">\n\t\t\t\t\t<div class=\"e-con-inner\">\n\t\t\t\t<div class=\"elementor-element elementor-element-4160554 elementor-widget elementor-widget-heading\" data-id=\"4160554\" data-element_type=\"widget\" data-e-type=\"widget\" data-widget_type=\"heading.default\">\n\t\t\t\t<div class=\"elementor-widget-container\">\n\t\t\t\t\t<h1 class=\"elementor-heading-title elementor-size-default\">Social media<\/h1>\t\t\t\t<\/div>\n\t\t\t\t<\/div>\n\t\t\t\t\t<\/div>\n\t\t\t\t<\/div>\n\t\t<div class=\"elementor-element elementor-element-a97e45a e-flex e-con-boxed e-con e-parent\" data-id=\"a97e45a\" data-element_type=\"container\" data-e-type=\"container\">\n\t\t\t\t\t<div class=\"e-con-inner\">\n\t\t\t\t<div class=\"elementor-element elementor-element-06ddfe0 elementor-widget elementor-widget-heading\" data-id=\"06ddfe0\" data-element_type=\"widget\" data-e-type=\"widget\" data-widget_type=\"heading.default\">\n\t\t\t\t<div class=\"elementor-widget-container\">\n\t\t\t\t\t<h2 class=\"elementor-heading-title elementor-size-default\">Nerdy Dino on social media<\/h2>\t\t\t\t<\/div>\n\t\t\t\t<\/div>\n\t\t\t\t<div class=\"elementor-element elementor-element-7faa481 elementor-widget elementor-widget-text-editor\" data-id=\"7faa481\" data-element_type=\"widget\" data-e-type=\"widget\" data-widget_type=\"text-editor.default\">\n\t\t\t\t<div class=\"elementor-widget-container\">\n\t\t\t\t\t\t\t\t\t<p class=\"v1elementToProof\">From social media, you can find Nerdy Dino on <a href=\"https:\/\/www.youtube.com\/@Nerdy_Dino\">Youtube<\/a>, <a href=\"https:\/\/www.linkedin.com\/company\/nerdydino\/\">LinkedIn<\/a>, <a href=\"https:\/\/www.facebook.com\/profile.php?id=100090485617829\">Facebook<\/a> and <a href=\"https:\/\/www.instagram.com\/official_nerdydino\/\">Instagram<\/a>. We have a particular passion for creating content for YouTube. Our aim here is to share knowledge and expertise. At the same time, if we can get a few laughs out of you, our mission will be accomplished.<\/p><p>Here at Nerdy Dino, we are not (yet) social media professionals, which is why, when producing content, we have often had to be flexible with our quality standards \ud83d\ude04. However, we believe we are on the right path towards our goal, which is to produce the best possible content for you.<\/p>\t\t\t\t\t\t\t\t<\/div>\n\t\t\t\t<\/div>\n\t\t\t\t<div class=\"elementor-element elementor-element-aa9a7c4 elementor-widget elementor-widget-video\" data-id=\"aa9a7c4\" data-element_type=\"widget\" data-e-type=\"widget\" data-settings=\"{&quot;youtube_url&quot;:&quot;https:\\\/\\\/youtu.be\\\/ndEu2Fm2J8g&quot;,&quot;video_type&quot;:&quot;youtube&quot;,&quot;controls&quot;:&quot;yes&quot;}\" data-widget_type=\"video.default\">\n\t\t\t\t<div class=\"elementor-widget-container\">\n\t\t\t\t\t\t\t<div class=\"elementor-wrapper elementor-open-inline\">\n\t\t\t<div class=\"elementor-video\"><\/div>\t\t<\/div>\n\t\t\t\t\t\t<\/div>\n\t\t\t\t<\/div>\n\t\t\t\t\t<\/div>\n\t\t\t\t<\/div>\n\t\t\t\t<\/div>","protected":false},"excerpt":{"rendered":"<p>Some Nerdy Dino somessa Sosiaalisesta mediasta Nerdy Dinon l\u00f6yt\u00e4\u00e4 Youtubesta, LinkedInist\u00e4, Facebookista ja Instagramista. Erityinen palo meill\u00e4 on kehitt\u00e4\u00e4 sis\u00e4lt\u00f6\u00e4 Youtubeen. T\u00e4\u00e4ll\u00e4 tarkoituksemme on jakaa tietoa ja osaamista. Siin\u00e4 samalla, jos saamme susta parit naurut irti, on teht\u00e4v\u00e4mme suoritettu. Me t\u00e4\u00e4ll\u00e4 Nerdy Dinolla emme ole (viel\u00e4) sosiaalisen median ammattilaisia, jonka vuoksi sis\u00e4lt\u00f6\u00e4 tuottaessamme olemme joutuneet [&hellip;]<\/p>\n","protected":false},"author":2,"featured_media":0,"parent":0,"menu_order":0,"comment_status":"closed","ping_status":"closed","template":"","meta":{"footnotes":""},"class_list":["post-312","page","type-page","status-publish","hentry"],"_links":{"self":[{"href":"https:\/\/nerdydino.fi\/en\/wp-json\/wp\/v2\/pages\/312","targetHints":{"allow":["GET"]}}],"collection":[{"href":"https:\/\/nerdydino.fi\/en\/wp-json\/wp\/v2\/pages"}],"about":[{"href":"https:\/\/nerdydino.fi\/en\/wp-json\/wp\/v2\/types\/page"}],"author":[{"embeddable":true,"href":"https:\/\/nerdydino.fi\/en\/wp-json\/wp\/v2\/users\/2"}],"replies":[{"embeddable":true,"href":"https:\/\/nerdydino.fi\/en\/wp-json\/wp\/v2\/comments?post=312"}],"version-history":[{"count":49,"href":"https:\/\/nerdydino.fi\/en\/wp-json\/wp\/v2\/pages\/312\/revisions"}],"predecessor-version":[{"id":995,"href":"https:\/\/nerdydino.fi\/en\/wp-json\/wp\/v2\/pages\/312\/revisions\/995"}],"wp:attachment":[{"href":"https:\/\/nerdydino.fi\/en\/wp-json\/wp\/v2\/media?parent=312"}],"curies":[{"name":"wp","href":"https:\/\/api.w.org\/{rel}","templated":true}]}}