{"id":309,"date":"2024-03-18T09:50:43","date_gmt":"2024-03-18T09:50:43","guid":{"rendered":"https:\/\/nerdydino.fi\/?page_id=309"},"modified":"2025-12-19T09:57:47","modified_gmt":"2025-12-19T09:57:47","slug":"osaaminen","status":"publish","type":"page","link":"https:\/\/nerdydino.fi\/en\/osaaminen\/","title":{"rendered":"Expertise"},"content":{"rendered":"\t\t<div data-elementor-type=\"wp-page\" data-elementor-id=\"309\" class=\"elementor elementor-309\">\n\t\t\t\t<div class=\"elementor-element elementor-element-125a7f0 e-flex e-con-boxed e-con e-parent\" data-id=\"125a7f0\" data-element_type=\"container\" data-e-type=\"container\" data-settings=\"{&quot;background_background&quot;:&quot;classic&quot;}\">\n\t\t\t\t\t<div class=\"e-con-inner\">\n\t\t\t\t<div class=\"elementor-element elementor-element-b49203b elementor-widget elementor-widget-heading\" data-id=\"b49203b\" data-element_type=\"widget\" data-e-type=\"widget\" data-widget_type=\"heading.default\">\n\t\t\t\t<div class=\"elementor-widget-container\">\n\t\t\t\t\t<h1 class=\"elementor-heading-title elementor-size-default\">Osaaminen<\/h1>\t\t\t\t<\/div>\n\t\t\t\t<\/div>\n\t\t\t\t\t<\/div>\n\t\t\t\t<\/div>\n\t\t<div class=\"elementor-element elementor-element-4d64ba6 e-flex e-con-boxed e-con e-parent\" data-id=\"4d64ba6\" data-element_type=\"container\" data-e-type=\"container\" id=\"osaaminen-container\">\n\t\t\t\t\t<div class=\"e-con-inner\">\n\t\t\t\t<div class=\"elementor-element elementor-element-a888672 hfe-nav-menu__breakpoint-mobile hfe-nav-menu__align-left hfe-submenu-icon-arrow hfe-submenu-animation-none hfe-link-redirect-child elementor-widget elementor-widget-navigation-menu\" data-id=\"a888672\" data-element_type=\"widget\" data-e-type=\"widget\" id=\"osaaminen-navi\" data-settings=\"{&quot;padding_horizontal_menu_item&quot;:{&quot;unit&quot;:&quot;px&quot;,&quot;size&quot;:15,&quot;sizes&quot;:[]},&quot;padding_horizontal_menu_item_tablet&quot;:{&quot;unit&quot;:&quot;px&quot;,&quot;size&quot;:&quot;&quot;,&quot;sizes&quot;:[]},&quot;padding_horizontal_menu_item_mobile&quot;:{&quot;unit&quot;:&quot;px&quot;,&quot;size&quot;:&quot;&quot;,&quot;sizes&quot;:[]},&quot;padding_vertical_menu_item&quot;:{&quot;unit&quot;:&quot;px&quot;,&quot;size&quot;:15,&quot;sizes&quot;:[]},&quot;padding_vertical_menu_item_tablet&quot;:{&quot;unit&quot;:&quot;px&quot;,&quot;size&quot;:&quot;&quot;,&quot;sizes&quot;:[]},&quot;padding_vertical_menu_item_mobile&quot;:{&quot;unit&quot;:&quot;px&quot;,&quot;size&quot;:&quot;&quot;,&quot;sizes&quot;:[]},&quot;menu_space_between&quot;:{&quot;unit&quot;:&quot;px&quot;,&quot;size&quot;:&quot;&quot;,&quot;sizes&quot;:[]},&quot;menu_space_between_tablet&quot;:{&quot;unit&quot;:&quot;px&quot;,&quot;size&quot;:&quot;&quot;,&quot;sizes&quot;:[]},&quot;menu_space_between_mobile&quot;:{&quot;unit&quot;:&quot;px&quot;,&quot;size&quot;:&quot;&quot;,&quot;sizes&quot;:[]},&quot;menu_row_space&quot;:{&quot;unit&quot;:&quot;px&quot;,&quot;size&quot;:&quot;&quot;,&quot;sizes&quot;:[]},&quot;menu_row_space_tablet&quot;:{&quot;unit&quot;:&quot;px&quot;,&quot;size&quot;:&quot;&quot;,&quot;sizes&quot;:[]},&quot;menu_row_space_mobile&quot;:{&quot;unit&quot;:&quot;px&quot;,&quot;size&quot;:&quot;&quot;,&quot;sizes&quot;:[]},&quot;dropdown_border_radius&quot;:{&quot;unit&quot;:&quot;px&quot;,&quot;top&quot;:&quot;&quot;,&quot;right&quot;:&quot;&quot;,&quot;bottom&quot;:&quot;&quot;,&quot;left&quot;:&quot;&quot;,&quot;isLinked&quot;:true},&quot;dropdown_border_radius_tablet&quot;:{&quot;unit&quot;:&quot;px&quot;,&quot;top&quot;:&quot;&quot;,&quot;right&quot;:&quot;&quot;,&quot;bottom&quot;:&quot;&quot;,&quot;left&quot;:&quot;&quot;,&quot;isLinked&quot;:true},&quot;dropdown_border_radius_mobile&quot;:{&quot;unit&quot;:&quot;px&quot;,&quot;top&quot;:&quot;&quot;,&quot;right&quot;:&quot;&quot;,&quot;bottom&quot;:&quot;&quot;,&quot;left&quot;:&quot;&quot;,&quot;isLinked&quot;:true},&quot;width_dropdown_item&quot;:{&quot;unit&quot;:&quot;px&quot;,&quot;size&quot;:&quot;220&quot;,&quot;sizes&quot;:[]},&quot;width_dropdown_item_tablet&quot;:{&quot;unit&quot;:&quot;px&quot;,&quot;size&quot;:&quot;&quot;,&quot;sizes&quot;:[]},&quot;width_dropdown_item_mobile&quot;:{&quot;unit&quot;:&quot;px&quot;,&quot;size&quot;:&quot;&quot;,&quot;sizes&quot;:[]},&quot;padding_horizontal_dropdown_item&quot;:{&quot;unit&quot;:&quot;px&quot;,&quot;size&quot;:&quot;&quot;,&quot;sizes&quot;:[]},&quot;padding_horizontal_dropdown_item_tablet&quot;:{&quot;unit&quot;:&quot;px&quot;,&quot;size&quot;:&quot;&quot;,&quot;sizes&quot;:[]},&quot;padding_horizontal_dropdown_item_mobile&quot;:{&quot;unit&quot;:&quot;px&quot;,&quot;size&quot;:&quot;&quot;,&quot;sizes&quot;:[]},&quot;padding_vertical_dropdown_item&quot;:{&quot;unit&quot;:&quot;px&quot;,&quot;size&quot;:15,&quot;sizes&quot;:[]},&quot;padding_vertical_dropdown_item_tablet&quot;:{&quot;unit&quot;:&quot;px&quot;,&quot;size&quot;:&quot;&quot;,&quot;sizes&quot;:[]},&quot;padding_vertical_dropdown_item_mobile&quot;:{&quot;unit&quot;:&quot;px&quot;,&quot;size&quot;:&quot;&quot;,&quot;sizes&quot;:[]},&quot;distance_from_menu&quot;:{&quot;unit&quot;:&quot;px&quot;,&quot;size&quot;:&quot;&quot;,&quot;sizes&quot;:[]},&quot;distance_from_menu_tablet&quot;:{&quot;unit&quot;:&quot;px&quot;,&quot;size&quot;:&quot;&quot;,&quot;sizes&quot;:[]},&quot;distance_from_menu_mobile&quot;:{&quot;unit&quot;:&quot;px&quot;,&quot;size&quot;:&quot;&quot;,&quot;sizes&quot;:[]},&quot;toggle_size&quot;:{&quot;unit&quot;:&quot;px&quot;,&quot;size&quot;:&quot;&quot;,&quot;sizes&quot;:[]},&quot;toggle_size_tablet&quot;:{&quot;unit&quot;:&quot;px&quot;,&quot;size&quot;:&quot;&quot;,&quot;sizes&quot;:[]},&quot;toggle_size_mobile&quot;:{&quot;unit&quot;:&quot;px&quot;,&quot;size&quot;:&quot;&quot;,&quot;sizes&quot;:[]},&quot;toggle_border_width&quot;:{&quot;unit&quot;:&quot;px&quot;,&quot;size&quot;:&quot;&quot;,&quot;sizes&quot;:[]},&quot;toggle_border_width_tablet&quot;:{&quot;unit&quot;:&quot;px&quot;,&quot;size&quot;:&quot;&quot;,&quot;sizes&quot;:[]},&quot;toggle_border_width_mobile&quot;:{&quot;unit&quot;:&quot;px&quot;,&quot;size&quot;:&quot;&quot;,&quot;sizes&quot;:[]},&quot;toggle_border_radius&quot;:{&quot;unit&quot;:&quot;px&quot;,&quot;size&quot;:&quot;&quot;,&quot;sizes&quot;:[]},&quot;toggle_border_radius_tablet&quot;:{&quot;unit&quot;:&quot;px&quot;,&quot;size&quot;:&quot;&quot;,&quot;sizes&quot;:[]},&quot;toggle_border_radius_mobile&quot;:{&quot;unit&quot;:&quot;px&quot;,&quot;size&quot;:&quot;&quot;,&quot;sizes&quot;:[]}}\" data-widget_type=\"navigation-menu.default\">\n\t\t\t\t<div class=\"elementor-widget-container\">\n\t\t\t\t\t\t\t\t<div class=\"hfe-nav-menu hfe-layout-horizontal hfe-nav-menu-layout horizontal hfe-pointer__none\" data-layout=\"horizontal\">\n\t\t\t\t<div role=\"button\" class=\"hfe-nav-menu__toggle elementor-clickable\" tabindex=\"0\" aria-label=\"Menu Toggle\">\n\t\t\t\t\t<span class=\"screen-reader-text\">Menu<\/span>\n\t\t\t\t\t<div class=\"hfe-nav-menu-icon\">\n\t\t\t\t\t\t<svg aria-hidden=\"true\"  class=\"e-font-icon-svg e-fas-bars\" viewBox=\"0 0 448 512\" xmlns=\"http:\/\/www.w3.org\/2000\/svg\"><path d=\"M16 132h416c8.837 0 16-7.163 16-16V76c0-8.837-7.163-16-16-16H16C7.163 60 0 67.163 0 76v40c0 8.837 7.163 16 16 16zm0 160h416c8.837 0 16-7.163 16-16v-40c0-8.837-7.163-16-16-16H16c-8.837 0-16 7.163-16 16v40c0 8.837 7.163 16 16 16zm0 160h416c8.837 0 16-7.163 16-16v-40c0-8.837-7.163-16-16-16H16c-8.837 0-16 7.163-16 16v40c0 8.837 7.163 16 16 16z\"><\/path><\/svg>\t\t\t\t\t<\/div>\n\t\t\t\t<\/div>\n\t\t\t\t<nav class=\"hfe-nav-menu__layout-horizontal hfe-nav-menu__submenu-arrow\" data-toggle-icon=\"&lt;svg aria-hidden=&quot;true&quot; tabindex=&quot;0&quot; class=&quot;e-font-icon-svg e-fas-bars&quot; viewBox=&quot;0 0 448 512&quot; xmlns=&quot;http:\/\/www.w3.org\/2000\/svg&quot;&gt;&lt;path d=&quot;M16 132h416c8.837 0 16-7.163 16-16V76c0-8.837-7.163-16-16-16H16C7.163 60 0 67.163 0 76v40c0 8.837 7.163 16 16 16zm0 160h416c8.837 0 16-7.163 16-16v-40c0-8.837-7.163-16-16-16H16c-8.837 0-16 7.163-16 16v40c0 8.837 7.163 16 16 16zm0 160h416c8.837 0 16-7.163 16-16v-40c0-8.837-7.163-16-16-16H16c-8.837 0-16 7.163-16 16v40c0 8.837 7.163 16 16 16z&quot;&gt;&lt;\/path&gt;&lt;\/svg&gt;\" data-close-icon=\"&lt;svg aria-hidden=&quot;true&quot; tabindex=&quot;0&quot; class=&quot;e-font-icon-svg e-far-times-circle&quot; viewBox=&quot;0 0 512 512&quot; xmlns=&quot;http:\/\/www.w3.org\/2000\/svg&quot;&gt;&lt;path d=&quot;M256 8C119 8 8 119 8 256s111 248 248 248 248-111 248-248S393 8 256 8zm0 448c-110.5 0-200-89.5-200-200S145.5 56 256 56s200 89.5 200 200-89.5 200-200 200zm101.8-262.2L295.6 256l62.2 62.2c4.7 4.7 4.7 12.3 0 17l-22.6 22.6c-4.7 4.7-12.3 4.7-17 0L256 295.6l-62.2 62.2c-4.7 4.7-12.3 4.7-17 0l-22.6-22.6c-4.7-4.7-4.7-12.3 0-17l62.2-62.2-62.2-62.2c-4.7-4.7-4.7-12.3 0-17l22.6-22.6c4.7-4.7 12.3-4.7 17 0l62.2 62.2 62.2-62.2c4.7-4.7 12.3-4.7 17 0l22.6 22.6c4.7 4.7 4.7 12.3 0 17z&quot;&gt;&lt;\/path&gt;&lt;\/svg&gt;\" data-full-width=\"yes\">\n\t\t\t\t\t<ul id=\"menu-1-a888672\" class=\"hfe-nav-menu\"><li id=\"menu-item-561\" class=\"menu-item menu-item-type-custom menu-item-object-custom parent hfe-creative-menu\"><a href=\"https:\/\/nerdydino.fi\/osaaminen#koulutus\" class = \"hfe-menu-item\">Koulutus<\/a><\/li>\n<li id=\"menu-item-562\" class=\"menu-item menu-item-type-custom menu-item-object-custom parent hfe-creative-menu\"><a href=\"https:\/\/nerdydino.fi\/osaaminen#projektit\" class = \"hfe-menu-item\">Projektit<\/a><\/li>\n<li id=\"menu-item-563\" class=\"menu-item menu-item-type-custom menu-item-object-custom parent hfe-creative-menu\"><a href=\"https:\/\/nerdydino.fi\/osaaminen#teknologiat\" class = \"hfe-menu-item\">Teknologiat<\/a><\/li>\n<li id=\"menu-item-564\" class=\"menu-item menu-item-type-custom menu-item-object-custom parent hfe-creative-menu\"><a href=\"https:\/\/nerdydino.fi\/osaaminen#sertifikaatit\" class = \"hfe-menu-item\">Sertifikaatit<\/a><\/li>\n<\/ul> \n\t\t\t\t<\/nav>\n\t\t\t<\/div>\n\t\t\t\t\t\t\t<\/div>\n\t\t\t\t<\/div>\n\t\t<div class=\"elementor-element elementor-element-9bcf1f0 e-flex e-con-boxed e-con e-child\" data-id=\"9bcf1f0\" data-element_type=\"container\" data-e-type=\"container\" id=\"koulutus\">\n\t\t\t\t\t<div class=\"e-con-inner\">\n\t\t\t\t<div class=\"elementor-element elementor-element-c719436 elementor-widget elementor-widget-heading\" data-id=\"c719436\" data-element_type=\"widget\" data-e-type=\"widget\" data-widget_type=\"heading.default\">\n\t\t\t\t<div class=\"elementor-widget-container\">\n\t\t\t\t\t<h2 class=\"elementor-heading-title elementor-size-default\">Koulutus<\/h2>\t\t\t\t<\/div>\n\t\t\t\t<\/div>\n\t\t\t\t<div class=\"elementor-element elementor-element-8260ff4 elementor-widget elementor-widget-text-editor\" data-id=\"8260ff4\" data-element_type=\"widget\" data-e-type=\"widget\" data-widget_type=\"text-editor.default\">\n\t\t\t\t<div class=\"elementor-widget-container\">\n\t\t\t\t\t\t\t\t\t<ul><li>Paulin korkein koulutus on hankittu Turun yliopistosta kauppatieteen laitokselta. Kandiin Pauli valitsi taloustieteen tueksi laskentatoimen ja rahoituksen sivuaineen; my\u00f6s taloustieteen matemaattisista menetelmist\u00e4 tuli luettua sivuaine. Opintojen edetess\u00e4 Paulin mielenkiinto kohdistui eneviss\u00e4 m\u00e4\u00e4rin k\u00e4ytt\u00e4ytymistaloustieteeseen ja sen tueksi Pauli luki sivuaineen evoluutiopsykologiasta. Pro Gradu -tutkielman Pauli teki aiheesta tapauskohtainen p\u00e4\u00e4t\u00f6ksentekoteoria (Case-based decision theory).<br \/><br \/><\/li><li>IT-alalle Pauli l\u00e4hti Academic Workin (nyk. Brights) Accelerated learning kurssin kautta, jossa aiheena oli testiautomaatio.<\/li><\/ul>\t\t\t\t\t\t\t\t<\/div>\n\t\t\t\t<\/div>\n\t\t\t\t\t<\/div>\n\t\t\t\t<\/div>\n\t\t<div class=\"elementor-element elementor-element-e49bad5 e-flex e-con-boxed e-con e-child\" data-id=\"e49bad5\" data-element_type=\"container\" data-e-type=\"container\" id=\"projektit\">\n\t\t\t\t\t<div class=\"e-con-inner\">\n\t\t\t\t<div class=\"elementor-element elementor-element-e5ceb4a elementor-widget elementor-widget-heading\" data-id=\"e5ceb4a\" data-element_type=\"widget\" data-e-type=\"widget\" data-widget_type=\"heading.default\">\n\t\t\t\t<div class=\"elementor-widget-container\">\n\t\t\t\t\t<h2 class=\"elementor-heading-title elementor-size-default\">Projektit<\/h2>\t\t\t\t<\/div>\n\t\t\t\t<\/div>\n\t\t\t\t<div class=\"elementor-element elementor-element-db82721 elementor-widget elementor-widget-text-editor\" data-id=\"db82721\" data-element_type=\"widget\" data-e-type=\"widget\" data-widget_type=\"text-editor.default\">\n\t\t\t\t<div class=\"elementor-widget-container\">\n\t\t\t\t\t\t\t\t\t<ul><li>Testiautomaatio-kurssin kautta Pauli aloitti ty\u00f6skentelyn er\u00e4\u00e4ss\u00e4 suomalaisessa terveysalan yksisarvisessa (arvaatko miss\u00e4 niist\u00e4 <img decoding=\"async\" class=\"emoji\" role=\"img\" draggable=\"false\" src=\"https:\/\/s.w.org\/images\/core\/emoji\/14.0.0\/svg\/1f601.svg\" alt=\"\ud83d\ude01\" \/>\u00a0). H\u00e4nen p\u00e4\u00e4vastuunsa oli testiautomaation kehitt\u00e4minen uusiin toiminnallisuuksiin osana scrum-tiimi\u00e4.<\/li><li>Seuraava komennus vei Paulin suuren vakuutusalan toimijan palvelukseen testaajaksi. Vuoden aikana h\u00e4n kerkesi avustaa monessa projektissa, ja ansioitui niin Browserstackin p\u00e4\u00e4k\u00e4ytt\u00e4j\u00e4n\u00e4 kuin yritt\u00e4en j\u00e4rjest\u00e4\u00e4 erilaisia yhteisi\u00e4 koulutustapahtumia. H\u00e4nelle annettiin testiautomaation vetovastuukin uudessa projektissa, ja huhujen mukaan tarjolla oli my\u00f6s vakituinen sopimus kyseisell\u00e4 asiakkaalla. Ura n\u00e4ytti olevan auki. Pauli kuitenkin valitsi toisin. P\u00e4\u00e4t\u00f6s ei ollut helppo&#8230;<\/li><li>Paulin tie vei er\u00e4\u00e4seen isoon pohjoismaiseen konsulttitaloon. T\u00e4ss\u00e4 vaiheessa h\u00e4nen katseensa oli jo tiukasti oman yrityksen perustamisessa, ja kyseisen yrityksen kanssa oli sovittu, ett\u00e4 he auttaisivat Paulia t\u00e4ss\u00e4 siirtym\u00e4ss\u00e4. T\u00e4m\u00e4n komennuksen aikana Pauli p\u00e4\u00e4si kehitt\u00e4m\u00e4\u00e4n web scraperia pythonilla ja sen ajamista Azure DevOpsissa, rekrytointij\u00e4rjestelm\u00e4n automatisointia Power Automatella, raportin rakentelua tietokannasta Power BI:ll\u00e4 ja kerkesh\u00e4n sit\u00e4 yhden laadunvarmistusstrategiavihkosenkin luonnostella.<\/li><li data-pm-slice=\"2 2 [&quot;bulletList&quot;,null,&quot;listItem&quot;,null,&quot;bulletList&quot;,null]\"><p>Ensimm\u00e4isess\u00e4 projektissa oman yrityksen kautta Pauli erottui tehokkaana testaajana osana projektia, joka keskittyi suuren suomalaisen energia-alan yrityksen asiakastietoj\u00e4rjestelm\u00e4n p\u00e4ivitykseen. Vaikka h\u00e4nell\u00e4 ei ollut aiempaa kokemusta alalta tai sen prosesseista, h\u00e4n osoitti poikkeuksellista kyky\u00e4 omaksua nopeasti uusia liiketoimintamalleja ja esitt\u00e4\u00e4 olennaisia kysymyksi\u00e4. H\u00e4nen vastuualueisiinsa kuului monipuolisia teht\u00e4vi\u00e4, kuten asiakastietoj\u00e4rjestelm\u00e4n prosessien ja k\u00e4ytt\u00f6tapauskuvauksien testaaminen k\u00e4ytt\u00f6liittym\u00e4n kautta, integraatiotestien suorittaminen eri j\u00e4rjestelmien v\u00e4lill\u00e4, testitapausten suunnittelu ja toteutus sek\u00e4 k\u00e4ytt\u00e4j\u00e4oikeuksien ja -profiilien hallinta j\u00e4rjestelm\u00e4ss\u00e4.<\/p><p>Lis\u00e4ksi Pauli j\u00e4rjesti ja toteutti itsen\u00e4isesti koulutusohjelman testaajille ja kehitti pienen Proof of Concept -testiautomaation j\u00e4rjestelm\u00e4n tueksi. Projektin edetess\u00e4 h\u00e4nest\u00e4 tuli keskeinen vaikuttaja testausvaiheessa, jossa h\u00e4n k\u00e4sitteli monimutkaisia testitapauksia ja skenaarioita. H\u00e4nen panoksensa oli merkitt\u00e4v\u00e4ss\u00e4 roolissa j\u00e4rjestelm\u00e4testin ja hyv\u00e4ksynt\u00e4testin vaiheiden l\u00e4pivienniss\u00e4.<\/p><\/li><\/ul>\t\t\t\t\t\t\t\t<\/div>\n\t\t\t\t<\/div>\n\t\t\t\t\t<\/div>\n\t\t\t\t<\/div>\n\t\t<div class=\"elementor-element elementor-element-7cac1ad e-flex e-con-boxed e-con e-child\" data-id=\"7cac1ad\" data-element_type=\"container\" data-e-type=\"container\" id=\"teknologiat\">\n\t\t\t\t\t<div class=\"e-con-inner\">\n\t\t\t\t<div class=\"elementor-element elementor-element-6666670 elementor-widget elementor-widget-heading\" data-id=\"6666670\" data-element_type=\"widget\" data-e-type=\"widget\" data-widget_type=\"heading.default\">\n\t\t\t\t<div class=\"elementor-widget-container\">\n\t\t\t\t\t<h2 class=\"elementor-heading-title elementor-size-default\">Teknologiat<\/h2>\t\t\t\t<\/div>\n\t\t\t\t<\/div>\n\t\t\t\t<div class=\"elementor-element elementor-element-3a53985 elementor-widget elementor-widget-text-editor\" data-id=\"3a53985\" data-element_type=\"widget\" data-e-type=\"widget\" data-widget_type=\"text-editor.default\">\n\t\t\t\t<div class=\"elementor-widget-container\">\n\t\t\t\t\t\t\t\t\t<ul><li><strong>Python<\/strong><ul><li>Ennen kuin teko\u00e4ly alkoi tekem\u00e4\u00e4n kaiken koodauksen, k\u00e4vi Pauli helsingin yliopistossa MOOC-kurssin aiheesta oliohjelmointi pythonilla saaden arvosanaksi vitosen.<\/li><li>Pauli on my\u00f6s k\u00e4ytt\u00e4nyt pythonia projekteissa rakentaessaan testiautomaatiota ja webscraperia<\/li><\/ul><\/li><li><strong>Robot Framework<\/strong><ul><li>Teknologia on ollut k\u00e4yt\u00f6ss\u00e4 kaikissa testiautomaatio-projekteissa, joissa Pauli on ollut mukana. Pauli tykk\u00e4\u00e4 k\u00e4ytt\u00e4\u00e4 RF:ia kehyksen\u00e4, jossa testi alustetaan ja joka hoitaa raportoinnin vaikka avainsanat onkin kirjoitettu pythonilla. T\u00e4st\u00e4 huolimatta Pauli kyll\u00e4 osaa kirjoittaa avainsanoja my\u00f6s suoraan RF:in<\/li><\/ul><\/li><li><strong>Selenium<\/strong><ul><li>Selenium on pitk\u00e4\u00e4n hallinnut selainautomaation maailmaa ja Pauli on itsekin p\u00e4\u00e4asiallisesti sit\u00e4 k\u00e4ytt\u00e4nyt automaatioprojekteissa. Robocorpin kanssa Pauli on k\u00e4ytt\u00e4nyt heid\u00e4n browser-kirjastoa, joka k\u00e4ytt\u00e4\u00e4 playwrightia.<\/li><\/ul><\/li><li><strong>Atlassian<\/strong> (Confluence &amp; Jira)<ul><li>Varmasti yleisimm\u00e4t ty\u00f6kalut dokumentointiin ja projektinhallintaan. N\u00e4iden k\u00e4yt\u00f6lt\u00e4 on vaikea v\u00e4ltty\u00e4 IT-alalla (ainakin Paulin kokemuksen mukaan) vaikka joihinkin muihinkin ratkaisuihin v\u00e4lill\u00e4 t\u00f6rm\u00e4\u00e4.<\/li><li>Pauli k\u00e4ytt\u00e4\u00e4 ty\u00f6kaluja my\u00f6s oman firmani hallinnoinnin apuna. T\u00e4t\u00e4kin luonnosta Pauli kirjoittaa Confluenceen (samalla kun kirjoittaa itsest\u00e4\u00e4n kolmannessa persoonassa; selv\u00e4 sosiopaatin merkki! <img decoding=\"async\" class=\"emoji\" role=\"img\" draggable=\"false\" src=\"https:\/\/s.w.org\/images\/core\/emoji\/14.0.0\/svg\/1f913.svg\" alt=\"\ud83e\udd13\" \/>\u00a0).<\/li><li>Er\u00e4\u00e4ss\u00e4 projektissa oli my\u00f6s Zephyr k\u00e4yt\u00f6ss\u00e4 testauksen hallinnoinnissa.<\/li><\/ul><\/li><li><strong>Testrail<\/strong><ul><li>Paulin viimeisimm\u00e4ss\u00e4 projektissa k\u00e4ytettiin Testrailia testauksen hallinnointiin.<\/li><\/ul><\/li><li><strong>Browserstack<\/strong><ul><li>Kuten ylemp\u00e4n\u00e4 mainittu, Pauli toimi Browserstackin p\u00e4\u00e4k\u00e4ytt\u00e4j\u00e4n\u00e4. T\u00e4h\u00e4n sis\u00e4ltyi palvelun k\u00e4ytt\u00f6 hyv\u00e4ksymistestaukseen.<\/li><\/ul><\/li><li><strong>Azure AI Services<\/strong><ul><li>Azure AI Engineer sertifiontiin liittyy mm. Azure AI Searchin, Azure AI Content Safetyn, Azure AI Translatorin, Azure AI Speechin, Azure AI Visionin, Azure AI Languagen ja Azure AI Document Intelligencen k\u00e4ytt\u00f6\u00e4.<\/li><\/ul><\/li><li><strong>Azure DevOps<\/strong><ul><li>Parissa projektissa Pauli on k\u00e4ytt\u00e4nyt Azure DevOpsia koodirepositoriona ja putkien rakenteluun.<\/li><\/ul><\/li><li><strong>Generatiivinen teko\u00e4ly<\/strong><ul><li>Paulin \u00e4ly ei ole mainitsemisen arvoinen, mutta teko\u00e4ly\u00e4 Pauli osaa k\u00e4ytt\u00e4\u00e4 hy\u00f6dykseen. Esimerkiksi <a href=\"https:\/\/nerdydino.fi\/tarina\/\">Tarina<\/a> on luotu k\u00e4ytt\u00e4en ChatGPT:t\u00e4 ja sivuston kuvat on luotu <a id=\"v1OWA6c993f3e-fd65-ecf0-7f06-db6ece0852f9\" class=\"v1OWAAutoLink\" href=\"http:\/\/Ideogram.ai\" target=\"_blank\" rel=\"noopener noreferrer\"> Ideogram.ai<\/a>:n avulla. Logon suunnittelussa apuna oli Midjourney. Tulevaisuudessa varmasti my\u00f6s monet muut palvelut p\u00e4\u00e4tyv\u00e4t Paulin kokeiltaviksi.<\/li><\/ul><\/li><li><strong>Muut<\/strong> (sis\u00e4lt\u00e4\u00e4 teknologioita, joihin on kosketuspintaa enemm\u00e4n tai v\u00e4hemm\u00e4n [yleens\u00e4 v\u00e4hemm\u00e4n <img decoding=\"async\" class=\"emoji\" role=\"img\" draggable=\"false\" src=\"https:\/\/s.w.org\/images\/core\/emoji\/14.0.0\/svg\/1f601.svg\" alt=\"\ud83d\ude01\" \/>\u00a0])<ul><li>Git, SQL, Maria DB, Jenkins, Locust, Docker, Appium, Java, Linux, JavaScript, C#<\/li><\/ul><\/li><\/ul>\t\t\t\t\t\t\t\t<\/div>\n\t\t\t\t<\/div>\n\t\t\t\t\t<\/div>\n\t\t\t\t<\/div>\n\t\t<div class=\"elementor-element elementor-element-017b2cc e-flex e-con-boxed e-con e-child\" data-id=\"017b2cc\" data-element_type=\"container\" data-e-type=\"container\" id=\"sertifikaatit\">\n\t\t\t\t\t<div class=\"e-con-inner\">\n\t\t\t\t<div class=\"elementor-element elementor-element-31d7d43 elementor-widget elementor-widget-heading\" data-id=\"31d7d43\" data-element_type=\"widget\" data-e-type=\"widget\" data-widget_type=\"heading.default\">\n\t\t\t\t<div class=\"elementor-widget-container\">\n\t\t\t\t\t<h2 class=\"elementor-heading-title elementor-size-default\">Sertifikaatit<\/h2>\t\t\t\t<\/div>\n\t\t\t\t<\/div>\n\t\t\t\t<div class=\"elementor-element elementor-element-f3d3ae1 elementor-widget elementor-widget-text-editor\" data-id=\"f3d3ae1\" data-element_type=\"widget\" data-e-type=\"widget\" data-widget_type=\"text-editor.default\">\n\t\t\t\t<div class=\"elementor-widget-container\">\n\t\t\t\t\t\t\t\t\t<ul><li><strong>ISTQB:<\/strong><ul><li><a href=\"https:\/\/skillshub.isqi.org\/b2f0e350-05a0-434b-8dbe-9564be5448be?key=eb4a7dcccda660d435947a412194f26192e8cb9714d490554edef50da5da71ae#gs.6cps6l\">Agile Tester<\/a><\/li><li>ISTQB Certified Tester Test Automation Engineer (CT-TAE) ( Credential ID: FI-CT-TAE-17208) (T\u00e4h\u00e4n ei l\u00f6ydy linkki\u00e4. Mutta rohkeimmat voi k\u00e4yd\u00e4 sy\u00f6tt\u00e4m\u00e4ss\u00e4 esim. mun nimen osoitteeseen <a id=\"v1OWAb552d4cd-e035-43c7-9897-14edd01393ac\" class=\"v1OWAAutoLink\" href=\"http:\/\/scr.istqb.org\/\" target=\"_blank\" rel=\"noopener noreferrer\"> ISTQB &#8211; Successful Candidate Register<\/a>\u00a0ja tarkastaa, mitk\u00e4 sertifikaatit j\u00e4rjest\u00f6 on mulle my\u00f6nt\u00e4ny.)<\/li><\/ul><\/li><li><strong>GASQ<\/strong><ul><li><a href=\"https:\/\/app.skillsclub.com\/credential\/89436-c961ef562fa7ff3fa5d2dfbbc61e2a69dec3ccf2f3ffdd58152ae482e78e302d?locale=en\" target=\"_blank\" rel=\"noopener\">Robot Framework Certified Professional (RFCP)<\/a><\/li><\/ul><\/li><li><strong>Microsoft:<\/strong><ul><li><a href=\"https:\/\/www.credly.com\/badges\/ec39bd7d-4f2c-48b1-a3e4-074032fb9ea8\">Azure Fundamentals (Credential ID: 992952247)<\/a><\/li><li><a href=\"https:\/\/www.credly.com\/badges\/d9e7cb01-cd6f-4de4-8722-b1df2a7bc72c\">Security, Compliance, and Identity Fundamentals (Credential ID: 992952247)<\/a><\/li><li><a href=\"https:\/\/learn.microsoft.com\/api\/credentials\/share\/en-us\/PauliMrnen-3250\/2C157EDE9B4A1C40?sharingId\">Azure AI Engineer Associate (Credential ID: 2C157EDE9B4A1C40)<\/a><\/li><li><a href=\"https:\/\/learn.microsoft.com\/en-us\/users\/paulimrnen-3250\/credentials\/334e8afce8d88503\" target=\"_blank\" rel=\"noopener\">Microsoft Certified: Azure Data Fundamentals<\/a><\/li><\/ul><\/li><li><strong>Postman<\/strong>:<ul><li><a href=\"https:\/\/badgr.com\/public\/assertions\/gyccgsNIQAq9ndYctKc_VQ\">30 days of Postman &#8211; for developers (Credential ID: 65fd6951784af57e1d553e4a)<\/a>\u00a0<\/li><\/ul><\/li><li><strong>Robocorp:<\/strong><ul><li><a href=\"https:\/\/downloads.robocorp.com\/certificates\/level2\/2f7b80f5-34e4-408a-864d-4ed18fce66d7.pdf\">Level II Certification (Credential ID: 2f7b80f5-34e4-408a-864d-4ed18fce66d7)<\/a><\/li><\/ul><\/li><li><strong>Udemy<\/strong><ul><li><a href=\"https:\/\/www.udemy.com\/certificate\/UC-087822df-9604-46f7-acf7-2f6a84574a3b\/\" target=\"_blank\" rel=\"noopener\">Application Security &#8211; The Complete Guide<\/a><\/li><\/ul><\/li><\/ul>\t\t\t\t\t\t\t\t<\/div>\n\t\t\t\t<\/div>\n\t\t\t\t\t<\/div>\n\t\t\t\t<\/div>\n\t\t\t\t\t<\/div>\n\t\t\t\t<\/div>\n\t\t\t\t<\/div>\n\t\t","protected":false},"excerpt":{"rendered":"<p>Osaaminen Menu Koulutus Projektit Teknologiat Sertifikaatit Koulutus Paulin korkein koulutus on hankittu Turun yliopistosta kauppatieteen laitokselta. Kandiin Pauli valitsi taloustieteen tueksi laskentatoimen ja rahoituksen sivuaineen; my\u00f6s taloustieteen matemaattisista menetelmist\u00e4 tuli luettua sivuaine. Opintojen edetess\u00e4 Paulin mielenkiinto kohdistui eneviss\u00e4 m\u00e4\u00e4rin k\u00e4ytt\u00e4ytymistaloustieteeseen ja sen tueksi Pauli luki sivuaineen evoluutiopsykologiasta. Pro Gradu -tutkielman Pauli teki aiheesta tapauskohtainen p\u00e4\u00e4t\u00f6ksentekoteoria [&hellip;]<\/p>\n","protected":false},"author":2,"featured_media":0,"parent":0,"menu_order":0,"comment_status":"closed","ping_status":"closed","template":"","meta":{"footnotes":""},"class_list":["post-309","page","type-page","status-publish","hentry"],"_links":{"self":[{"href":"https:\/\/nerdydino.fi\/en\/wp-json\/wp\/v2\/pages\/309","targetHints":{"allow":["GET"]}}],"collection":[{"href":"https:\/\/nerdydino.fi\/en\/wp-json\/wp\/v2\/pages"}],"about":[{"href":"https:\/\/nerdydino.fi\/en\/wp-json\/wp\/v2\/types\/page"}],"author":[{"embeddable":true,"href":"https:\/\/nerdydino.fi\/en\/wp-json\/wp\/v2\/users\/2"}],"replies":[{"embeddable":true,"href":"https:\/\/nerdydino.fi\/en\/wp-json\/wp\/v2\/comments?post=309"}],"version-history":[{"count":215,"href":"https:\/\/nerdydino.fi\/en\/wp-json\/wp\/v2\/pages\/309\/revisions"}],"predecessor-version":[{"id":1120,"href":"https:\/\/nerdydino.fi\/en\/wp-json\/wp\/v2\/pages\/309\/revisions\/1120"}],"wp:attachment":[{"href":"https:\/\/nerdydino.fi\/en\/wp-json\/wp\/v2\/media?parent=309"}],"curies":[{"name":"wp","href":"https:\/\/api.w.org\/{rel}","templated":true}]}}