{"id":303,"date":"2024-03-18T09:50:08","date_gmt":"2024-03-18T09:50:08","guid":{"rendered":"https:\/\/nerdydino.fi\/?page_id=303"},"modified":"2024-04-09T05:18:49","modified_gmt":"2024-04-09T05:18:49","slug":"palvelut","status":"publish","type":"page","link":"https:\/\/nerdydino.fi\/en\/palvelut\/","title":{"rendered":"Services"},"content":{"rendered":"<div data-elementor-type=\"wp-page\" data-elementor-id=\"303\" class=\"elementor elementor-303\">\n\t\t\t\t<div class=\"elementor-element elementor-element-a9bcc28 e-flex e-con-boxed e-con e-parent\" data-id=\"a9bcc28\" data-element_type=\"container\" data-e-type=\"container\" data-settings=\"{&quot;background_background&quot;:&quot;classic&quot;}\">\n\t\t\t\t\t<div class=\"e-con-inner\">\n\t\t\t\t<div class=\"elementor-element elementor-element-01f777c elementor-widget elementor-widget-heading\" data-id=\"01f777c\" data-element_type=\"widget\" data-e-type=\"widget\" data-widget_type=\"heading.default\">\n\t\t\t\t<div class=\"elementor-widget-container\">\n\t\t\t\t\t<h1 class=\"elementor-heading-title elementor-size-default\">Services<\/h1>\t\t\t\t<\/div>\n\t\t\t\t<\/div>\n\t\t\t\t\t<\/div>\n\t\t\t\t<\/div>\n\t\t<div class=\"elementor-element elementor-element-d4d590a e-flex e-con-boxed e-con e-parent\" data-id=\"d4d590a\" data-element_type=\"container\" data-e-type=\"container\">\n\t\t\t\t\t<div class=\"e-con-inner\">\n\t\t\t\t<div class=\"elementor-element elementor-element-52fe285 elementor-widget elementor-widget-text-editor\" data-id=\"52fe285\" data-element_type=\"widget\" data-e-type=\"widget\" data-widget_type=\"text-editor.default\">\n\t\t\t\t<div class=\"elementor-widget-container\">\n\t\t\t\t\t\t\t\t\t<div class=\"v1elementToProof\">By reading <a href=\"https:\/\/nerdydino.fi\/en\/filosofia\/\">Philosophy section<\/a> you\u2019ll get a bit of an idea of what Nerdy Dino's presence in your company can promote. This is not, of course, a formal service we offer but rather a bonus that comes with it. In addition, we can for example:<\/div><div>\u00a0<\/div><ul><li>Design and implement test automation (Robot Framework, Python)<\/li><li>Design and implement manual testing (Static and dynamic)<\/li><li>Build CI\/CD pipelines (Azure DevOps, Jenkins)<\/li><li>Help build an organisational-level quality assurance strategy<\/li><li>Improve practices<\/li><li>Organise training in testing\/quality assurance<\/li><li style=\"list-style-type: none;\">\u00a0<\/li><\/ul><p>If you are interested, please send a message to pauli@nerdydino.fi or <a href=\"http:\/\/www.linkedin.com\/in\/pauli-moronen\">LinkedIn<\/a>.<\/p><p>Read about Paul\u2019s previous projects\u00a0<a href=\"https:\/\/nerdydino.fi\/en\/osaaminen\/\">from the Expertise page<\/a>.<\/p>\t\t\t\t\t\t\t\t<\/div>\n\t\t\t\t<\/div>\n\t\t\t\t\t<\/div>\n\t\t\t\t<\/div>\n\t\t\t\t<\/div>","protected":false},"excerpt":{"rendered":"<p>Palvelut Lukemalla Filosofia-osuuden saa v\u00e4h\u00e4n k\u00e4sityst\u00e4 siit\u00e4, mit\u00e4 Nerdy Dinon l\u00e4sn\u00e4olo yrityksess\u00e4nne voi edist\u00e4\u00e4. T\u00e4m\u00e4 ei tietenk\u00e4\u00e4n ole varsinainen palvelu, jota tarjoamme vaan enemm\u00e4nkin bonus, joka tulee kaupan p\u00e4\u00e4lle. T\u00e4m\u00e4n lis\u00e4ksi voimme esimerkiksi:\u00a0 Suunnitella ja toteuttaa testiautomaatiota (Robot Framework, Python) Suunnitella ja toteuttaa manuaalista testausta (Staattinen ja dynaaminen) Rakentaa CI\/CD-putkia (Azure DevOps, Jenkins) Auttaa rakentamaan [&hellip;]<\/p>\n","protected":false},"author":2,"featured_media":0,"parent":0,"menu_order":0,"comment_status":"closed","ping_status":"closed","template":"","meta":{"footnotes":""},"class_list":["post-303","page","type-page","status-publish","hentry"],"_links":{"self":[{"href":"https:\/\/nerdydino.fi\/en\/wp-json\/wp\/v2\/pages\/303","targetHints":{"allow":["GET"]}}],"collection":[{"href":"https:\/\/nerdydino.fi\/en\/wp-json\/wp\/v2\/pages"}],"about":[{"href":"https:\/\/nerdydino.fi\/en\/wp-json\/wp\/v2\/types\/page"}],"author":[{"embeddable":true,"href":"https:\/\/nerdydino.fi\/en\/wp-json\/wp\/v2\/users\/2"}],"replies":[{"embeddable":true,"href":"https:\/\/nerdydino.fi\/en\/wp-json\/wp\/v2\/comments?post=303"}],"version-history":[{"count":43,"href":"https:\/\/nerdydino.fi\/en\/wp-json\/wp\/v2\/pages\/303\/revisions"}],"predecessor-version":[{"id":1092,"href":"https:\/\/nerdydino.fi\/en\/wp-json\/wp\/v2\/pages\/303\/revisions\/1092"}],"wp:attachment":[{"href":"https:\/\/nerdydino.fi\/en\/wp-json\/wp\/v2\/media?parent=303"}],"curies":[{"name":"wp","href":"https:\/\/api.w.org\/{rel}","templated":true}]}}