{"id":21,"date":"2024-03-14T08:17:01","date_gmt":"2024-03-14T08:17:01","guid":{"rendered":"https:\/\/nerdydino.fi\/?page_id=21"},"modified":"2024-04-02T13:42:25","modified_gmt":"2024-04-02T13:42:25","slug":"yhteystiedot","status":"publish","type":"page","link":"https:\/\/nerdydino.fi\/en\/yhteystiedot\/","title":{"rendered":"Contact details"},"content":{"rendered":"<div data-elementor-type=\"wp-page\" data-elementor-id=\"21\" class=\"elementor elementor-21\">\n\t\t\t\t<div class=\"elementor-element elementor-element-a563d29 e-flex e-con-boxed e-con e-parent\" data-id=\"a563d29\" data-element_type=\"container\" data-e-type=\"container\" data-settings=\"{&quot;background_background&quot;:&quot;classic&quot;}\">\n\t\t\t\t\t<div class=\"e-con-inner\">\n\t\t\t\t<div class=\"elementor-element elementor-element-458aa74 elementor-widget elementor-widget-heading\" data-id=\"458aa74\" data-element_type=\"widget\" data-e-type=\"widget\" data-widget_type=\"heading.default\">\n\t\t\t\t<div class=\"elementor-widget-container\">\n\t\t\t\t\t<h1 class=\"elementor-heading-title elementor-size-default\">Contact details<\/h1>\t\t\t\t<\/div>\n\t\t\t\t<\/div>\n\t\t\t\t\t<\/div>\n\t\t\t\t<\/div>\n\t\t<div class=\"elementor-element elementor-element-ebf837b e-flex e-con-boxed e-con e-parent\" data-id=\"ebf837b\" data-element_type=\"container\" data-e-type=\"container\">\n\t\t\t\t\t<div class=\"e-con-inner\">\n\t\t\t\t<div class=\"elementor-element elementor-element-b1019d4 elementor-widget elementor-widget-heading\" data-id=\"b1019d4\" data-element_type=\"widget\" data-e-type=\"widget\" data-widget_type=\"heading.default\">\n\t\t\t\t<div class=\"elementor-widget-container\">\n\t\t\t\t\t<h2 class=\"elementor-heading-title elementor-size-default\">Get in touch<\/h2>\t\t\t\t<\/div>\n\t\t\t\t<\/div>\n\t\t\t\t<div class=\"elementor-element elementor-element-cddb0e3 elementor-widget elementor-widget-text-editor\" data-id=\"cddb0e3\" data-element_type=\"widget\" data-e-type=\"widget\" data-widget_type=\"text-editor.default\">\n\t\t\t\t<div class=\"elementor-widget-container\">\n\t\t\t\t\t\t\t\t\t<p>The best way to reach me is either by sending an email <a id=\"v1OWAb42fc5cd-65a3-3a3c-f614-39e1669b05e3\" class=\"v1OWAAutoLink\" href=\"mailto:pauli@nerdydino.fi\" rel=\"noreferrer\"> pauli@nerdydino.fi<\/a>\u00a0or <a href=\"https:\/\/nerdydino.fi\/en\/some\/\">through social<\/a> media.<\/p>\t\t\t\t\t\t\t\t<\/div>\n\t\t\t\t<\/div>\n\t\t\t\t\t<\/div>\n\t\t\t\t<\/div>\n\t\t\t\t<\/div>","protected":false},"excerpt":{"rendered":"<p>Yhteystiedot Ota yhteytt\u00e4 Parhaiten minuun saa yhteyden joko l\u00e4hett\u00e4m\u00e4ll\u00e4 s\u00e4hk\u00f6postia pauli@nerdydino.fi\u00a0tai somen kautta.<\/p>","protected":false},"author":2,"featured_media":0,"parent":0,"menu_order":0,"comment_status":"closed","ping_status":"closed","template":"","meta":{"footnotes":""},"class_list":["post-21","page","type-page","status-publish","hentry"],"_links":{"self":[{"href":"https:\/\/nerdydino.fi\/en\/wp-json\/wp\/v2\/pages\/21","targetHints":{"allow":["GET"]}}],"collection":[{"href":"https:\/\/nerdydino.fi\/en\/wp-json\/wp\/v2\/pages"}],"about":[{"href":"https:\/\/nerdydino.fi\/en\/wp-json\/wp\/v2\/types\/page"}],"author":[{"embeddable":true,"href":"https:\/\/nerdydino.fi\/en\/wp-json\/wp\/v2\/users\/2"}],"replies":[{"embeddable":true,"href":"https:\/\/nerdydino.fi\/en\/wp-json\/wp\/v2\/comments?post=21"}],"version-history":[{"count":55,"href":"https:\/\/nerdydino.fi\/en\/wp-json\/wp\/v2\/pages\/21\/revisions"}],"predecessor-version":[{"id":1014,"href":"https:\/\/nerdydino.fi\/en\/wp-json\/wp\/v2\/pages\/21\/revisions\/1014"}],"wp:attachment":[{"href":"https:\/\/nerdydino.fi\/en\/wp-json\/wp\/v2\/media?parent=21"}],"curies":[{"name":"wp","href":"https:\/\/api.w.org\/{rel}","templated":true}]}}